{"id":10425,"date":"2025-06-05T13:17:17","date_gmt":"2025-06-05T11:17:17","guid":{"rendered":"https:\/\/www.dantik.es\/?post_type=product&#038;p=10425"},"modified":"2025-06-05T13:17:17","modified_gmt":"2025-06-05T11:17:17","slug":"pendientes-estilo-paleta-de-pintor-de-18k-con-diamantes-marrones-y-blancos-con-un-total-de-03cts","status":"publish","type":"product","link":"https:\/\/www.dantik.es\/en\/producto\/pendientes-estilo-paleta-de-pintor-de-18k-con-diamantes-marrones-y-blancos-con-un-total-de-03cts\/","title":{"rendered":"Pendientes estilo paleta de pintor de 18k con diamantes marrones y blancos con un total de 0,3cts"},"content":{"rendered":"<p>Pendientes de paleta de oro amarillo con formas suaves y org\u00e1nicas rescatadas de la joyer\u00eda arqueol\u00f3gica. Con un dise\u00f1o brutal, donde resaltan los diamantes marrones.<\/p>\n","protected":false},"excerpt":{"rendered":"<p>Pendientes de paleta de oro amarillo con formas suaves y org\u00e1nicas rescatadas de la joyer\u00eda arqueol\u00f3gica. Con un dise\u00f1o brutal, donde resaltan los diamantes marrones.<\/p>\n","protected":false},"featured_media":10297,"comment_status":"closed","ping_status":"closed","template":"","meta":[],"translation":{"provider":"WPGlobus","version":"2.12.2","language":"en","enabled_languages":["es","en"],"languages":{"es":{"title":true,"content":true,"excerpt":false},"en":{"title":false,"content":false,"excerpt":false}}},"_links":{"self":[{"href":"https:\/\/www.dantik.es\/en\/wp-json\/wp\/v2\/product\/10425"}],"collection":[{"href":"https:\/\/www.dantik.es\/en\/wp-json\/wp\/v2\/product"}],"about":[{"href":"https:\/\/www.dantik.es\/en\/wp-json\/wp\/v2\/types\/product"}],"replies":[{"embeddable":true,"href":"https:\/\/www.dantik.es\/en\/wp-json\/wp\/v2\/comments?post=10425"}],"wp:featuredmedia":[{"embeddable":true,"href":"https:\/\/www.dantik.es\/en\/wp-json\/wp\/v2\/media\/10297"}],"wp:attachment":[{"href":"https:\/\/www.dantik.es\/en\/wp-json\/wp\/v2\/media?parent=10425"}],"curies":[{"name":"wp","href":"https:\/\/api.w.org\/{rel}","templated":true}]}}