{"id":10416,"date":"2025-06-05T12:45:04","date_gmt":"2025-06-05T10:45:04","guid":{"rendered":"https:\/\/www.dantik.es\/?post_type=product&#038;p=10416"},"modified":"2025-06-05T12:45:04","modified_gmt":"2025-06-05T10:45:04","slug":"anillo-de-oro-amarillo-de-18k-con-diamantes-en-talla-brillante-con-un-total-de-019-cts","status":"publish","type":"product","link":"https:\/\/www.dantik.es\/en\/producto\/anillo-de-oro-amarillo-de-18k-con-diamantes-en-talla-brillante-con-un-total-de-019-cts\/","title":{"rendered":"Anillo de oro amarillo de 18K con diamantes en talla brillante con un total de 0,19 cts"},"content":{"rendered":"<p>Este anillo combina el elegante volumen y las l\u00edneas verticales de oro, creando as\u00ed un dise\u00f1o contempor\u00e1neo y din\u00e1mico.<\/p>\n","protected":false},"excerpt":{"rendered":"<p>Este anillo combina el elegante volumen y las l\u00edneas verticales de oro, creando as\u00ed un dise\u00f1o contempor\u00e1neo y din\u00e1mico.<\/p>\n","protected":false},"featured_media":10418,"comment_status":"closed","ping_status":"closed","template":"","meta":[],"translation":{"provider":"WPGlobus","version":"2.12.2","language":"en","enabled_languages":["es","en"],"languages":{"es":{"title":true,"content":true,"excerpt":false},"en":{"title":false,"content":false,"excerpt":false}}},"_links":{"self":[{"href":"https:\/\/www.dantik.es\/en\/wp-json\/wp\/v2\/product\/10416"}],"collection":[{"href":"https:\/\/www.dantik.es\/en\/wp-json\/wp\/v2\/product"}],"about":[{"href":"https:\/\/www.dantik.es\/en\/wp-json\/wp\/v2\/types\/product"}],"replies":[{"embeddable":true,"href":"https:\/\/www.dantik.es\/en\/wp-json\/wp\/v2\/comments?post=10416"}],"wp:featuredmedia":[{"embeddable":true,"href":"https:\/\/www.dantik.es\/en\/wp-json\/wp\/v2\/media\/10418"}],"wp:attachment":[{"href":"https:\/\/www.dantik.es\/en\/wp-json\/wp\/v2\/media?parent=10416"}],"curies":[{"name":"wp","href":"https:\/\/api.w.org\/{rel}","templated":true}]}}