{"id":10415,"date":"2025-06-05T12:02:26","date_gmt":"2025-06-05T10:02:26","guid":{"rendered":"https:\/\/www.dantik.es\/?post_type=product&#038;p=10415"},"modified":"2025-06-05T12:02:26","modified_gmt":"2025-06-05T10:02:26","slug":"anillo-tu-y-yo-de-oro-amarillo-de-18k-con-forma-de-dos-flores-una-de-ellas-con-6-piedras-5-zafiros-de-035-cts-y-1-diamante-de-0-07-cts-y-la-otra-flor-con-6-piedras-5-rubies-de-035-ct0s-y-1-diaman","status":"publish","type":"product","link":"https:\/\/www.dantik.es\/en\/producto\/anillo-tu-y-yo-de-oro-amarillo-de-18k-con-forma-de-dos-flores-una-de-ellas-con-6-piedras-5-zafiros-de-035-cts-y-1-diamante-de-0-07-cts-y-la-otra-flor-con-6-piedras-5-rubies-de-035-ct0s-y-1-diaman\/","title":{"rendered":"Anillo t\u00fa y yo de oro amarillo de 18K con forma de dos flores, una de ellas con 6 piedras, 5 zafiros de 0,35 cts y 1 diamante de 0.07 cts y la otra flor con 6 piedras, 5 rub\u00edes de 0,35 ct0s y 1 diamante de 0,07 cts"},"content":{"rendered":"<p>Los zafiros azules, rub\u00edes y los diamantes se combinan en esta sortija, dando como resultado una joya fresca e innovadora, pero con un esp\u00edritu cl\u00e1sico, perfecta para lucir en las ocasiones m\u00e1s especiales.<\/p>\n","protected":false},"excerpt":{"rendered":"<p>Los zafiros azules, rub\u00edes y los diamantes se combinan en esta sortija, dando como resultado una joya fresca e innovadora, pero con un esp\u00edritu cl\u00e1sico, perfecta para lucir en las ocasiones m\u00e1s especiales.<\/p>\n","protected":false},"featured_media":10274,"comment_status":"closed","ping_status":"closed","template":"","meta":[],"translation":{"provider":"WPGlobus","version":"2.12.2","language":"en","enabled_languages":["es","en"],"languages":{"es":{"title":true,"content":true,"excerpt":false},"en":{"title":false,"content":false,"excerpt":false}}},"_links":{"self":[{"href":"https:\/\/www.dantik.es\/en\/wp-json\/wp\/v2\/product\/10415"}],"collection":[{"href":"https:\/\/www.dantik.es\/en\/wp-json\/wp\/v2\/product"}],"about":[{"href":"https:\/\/www.dantik.es\/en\/wp-json\/wp\/v2\/types\/product"}],"replies":[{"embeddable":true,"href":"https:\/\/www.dantik.es\/en\/wp-json\/wp\/v2\/comments?post=10415"}],"wp:featuredmedia":[{"embeddable":true,"href":"https:\/\/www.dantik.es\/en\/wp-json\/wp\/v2\/media\/10274"}],"wp:attachment":[{"href":"https:\/\/www.dantik.es\/en\/wp-json\/wp\/v2\/media?parent=10415"}],"curies":[{"name":"wp","href":"https:\/\/api.w.org\/{rel}","templated":true}]}}