{"id":10271,"date":"2025-06-02T19:35:58","date_gmt":"2025-06-02T17:35:58","guid":{"rendered":"https:\/\/www.dantik.es\/?post_type=product&#038;p=10271"},"modified":"2025-06-05T10:56:09","modified_gmt":"2025-06-05T08:56:09","slug":"sortija-madia-alianza-de-porte-floral-en-oro-amarillo-de-18kt-con-esmeralda-central-y-petalos-de-brillantes","status":"publish","type":"product","link":"https:\/\/www.dantik.es\/en\/producto\/sortija-madia-alianza-de-porte-floral-en-oro-amarillo-de-18kt-con-esmeralda-central-y-petalos-de-brillantes\/","title":{"rendered":"Sortija Madia alianza de porte Floral en Oro amarillo de 18kt. con Esmeralda central y p\u00e9talos de Brillantes."},"content":{"rendered":"<p>Bonita Sortija Media alianza de porte Floral fabricada en Oro amarillo de 18kt. con Esmeralda Colombiana central de 0.35cts.y 8 p\u00e9talos de Brillantes con un peso total de 0.04cts. que le otorgan al conjunto un estupendo dise\u00f1o dise\u00f1o.<\/p>\n","protected":false},"excerpt":{"rendered":"<p>Sortija con dise\u00f1o floral en Oro amarillo.<\/p>\n","protected":false},"featured_media":10339,"comment_status":"closed","ping_status":"closed","template":"","meta":[],"translation":{"provider":"WPGlobus","version":"2.12.2","language":"en","enabled_languages":["es","en"],"languages":{"es":{"title":true,"content":true,"excerpt":true},"en":{"title":false,"content":false,"excerpt":false}}},"_links":{"self":[{"href":"https:\/\/www.dantik.es\/en\/wp-json\/wp\/v2\/product\/10271"}],"collection":[{"href":"https:\/\/www.dantik.es\/en\/wp-json\/wp\/v2\/product"}],"about":[{"href":"https:\/\/www.dantik.es\/en\/wp-json\/wp\/v2\/types\/product"}],"replies":[{"embeddable":true,"href":"https:\/\/www.dantik.es\/en\/wp-json\/wp\/v2\/comments?post=10271"}],"wp:featuredmedia":[{"embeddable":true,"href":"https:\/\/www.dantik.es\/en\/wp-json\/wp\/v2\/media\/10339"}],"wp:attachment":[{"href":"https:\/\/www.dantik.es\/en\/wp-json\/wp\/v2\/media?parent=10271"}],"curies":[{"name":"wp","href":"https:\/\/api.w.org\/{rel}","templated":true}]}}