{"id":10216,"date":"2025-06-02T13:27:21","date_gmt":"2025-06-02T11:27:21","guid":{"rendered":"https:\/\/www.dantik.es\/?post_type=product&#038;p=10216"},"modified":"2025-06-02T13:27:22","modified_gmt":"2025-06-02T11:27:22","slug":"pulsera-rigida-de-oro-blanco-de-18k-con-diamantes-en-talla-brillante-y-baguette-de-102-cts","status":"publish","type":"product","link":"https:\/\/www.dantik.es\/en\/producto\/pulsera-rigida-de-oro-blanco-de-18k-con-diamantes-en-talla-brillante-y-baguette-de-102-cts\/","title":{"rendered":"Pulsera r\u00edgida de oro blanco de 18K con diamantes en talla brillante y baguette de 1,02 cts"},"content":{"rendered":"<p>Sofisticaci\u00f3n y elegancia en forma de pulsera. Esta joya combina el oro blanco con el transparente brillo de los diamantes en pav\u00e9, dando lugar a un cl\u00e1sico atemporal de la joyer\u00eda artesanal.<\/p>\n","protected":false},"excerpt":{"rendered":"<p>Sofisticaci\u00f3n y elegancia en forma de pulsera. Esta joya combina el oro blanco con el transparente brillo de los diamantes en pav\u00e9, dando lugar a un cl\u00e1sico atemporal de la joyer\u00eda artesanal.<\/p>\n","protected":false},"featured_media":10187,"comment_status":"closed","ping_status":"closed","template":"","meta":[],"translation":{"provider":"WPGlobus","version":"2.12.2","language":"en","enabled_languages":["es","en"],"languages":{"es":{"title":true,"content":true,"excerpt":false},"en":{"title":false,"content":false,"excerpt":false}}},"_links":{"self":[{"href":"https:\/\/www.dantik.es\/en\/wp-json\/wp\/v2\/product\/10216"}],"collection":[{"href":"https:\/\/www.dantik.es\/en\/wp-json\/wp\/v2\/product"}],"about":[{"href":"https:\/\/www.dantik.es\/en\/wp-json\/wp\/v2\/types\/product"}],"replies":[{"embeddable":true,"href":"https:\/\/www.dantik.es\/en\/wp-json\/wp\/v2\/comments?post=10216"}],"wp:featuredmedia":[{"embeddable":true,"href":"https:\/\/www.dantik.es\/en\/wp-json\/wp\/v2\/media\/10187"}],"wp:attachment":[{"href":"https:\/\/www.dantik.es\/en\/wp-json\/wp\/v2\/media?parent=10216"}],"curies":[{"name":"wp","href":"https:\/\/api.w.org\/{rel}","templated":true}]}}