{"id":10175,"date":"2025-06-02T11:59:39","date_gmt":"2025-06-02T09:59:39","guid":{"rendered":"https:\/\/www.dantik.es\/?post_type=product&#038;p=10175"},"modified":"2025-06-02T18:29:38","modified_gmt":"2025-06-02T16:29:38","slug":"anillo-tu-y-yo-de-oro-blanco-de-18k-con-2-zafiros-con-un-total-de-1ct-y-34-diamantes-en-talla-brillante-con-un-total-de-068-cts","status":"publish","type":"product","link":"https:\/\/www.dantik.es\/en\/producto\/anillo-tu-y-yo-de-oro-blanco-de-18k-con-2-zafiros-con-un-total-de-1ct-y-34-diamantes-en-talla-brillante-con-un-total-de-068-cts\/","title":{"rendered":"Anillo t\u00fa y yo de oro blanco de 18K con 2 zafiros con un total de 1ct y 34 diamantes en talla brillante con un total de 0,68 cts"},"content":{"rendered":"<p>Los zafiros azules y los diamantes se combinan en esta sortija, dando como resultado una joya fresca e innovadora, pero con un esp\u00edritu cl\u00e1sico, perfecta para lucir en las ocasiones m\u00e1s especiales.<\/p>\n","protected":false},"excerpt":{"rendered":"<p>Los zafiros azules y los diamantes se combinan en esta sortija, dando como resultado una joya fresca e innovadora, pero con un esp\u00edritu cl\u00e1sico, perfecta para lucir en las ocasiones m\u00e1s especiales.<\/p>\n","protected":false},"featured_media":10182,"comment_status":"closed","ping_status":"closed","template":"","meta":[],"translation":{"provider":"WPGlobus","version":"2.12.2","language":"en","enabled_languages":["es","en"],"languages":{"es":{"title":true,"content":true,"excerpt":false},"en":{"title":false,"content":false,"excerpt":false}}},"_links":{"self":[{"href":"https:\/\/www.dantik.es\/en\/wp-json\/wp\/v2\/product\/10175"}],"collection":[{"href":"https:\/\/www.dantik.es\/en\/wp-json\/wp\/v2\/product"}],"about":[{"href":"https:\/\/www.dantik.es\/en\/wp-json\/wp\/v2\/types\/product"}],"replies":[{"embeddable":true,"href":"https:\/\/www.dantik.es\/en\/wp-json\/wp\/v2\/comments?post=10175"}],"wp:featuredmedia":[{"embeddable":true,"href":"https:\/\/www.dantik.es\/en\/wp-json\/wp\/v2\/media\/10182"}],"wp:attachment":[{"href":"https:\/\/www.dantik.es\/en\/wp-json\/wp\/v2\/media?parent=10175"}],"curies":[{"name":"wp","href":"https:\/\/api.w.org\/{rel}","templated":true}]}}