{"id":10118,"date":"2024-08-12T12:39:13","date_gmt":"2024-08-12T10:39:13","guid":{"rendered":"https:\/\/www.dantik.es\/?post_type=product&#038;p=10118"},"modified":"2024-08-12T12:41:21","modified_gmt":"2024-08-12T10:41:21","slug":"rolex-date-just-31mm-178241","status":"publish","type":"product","link":"https:\/\/www.dantik.es\/en\/producto\/rolex-date-just-31mm-178241\/","title":{"rendered":"Rolex Date Just 31mm. 178241"},"content":{"rendered":"<p>Modelo: Datejust tama\u00f1o mediano<br \/>\nReferencia: 178241<br \/>\nA\u00f1o: 2006<br \/>\nMovimiento: mec\u00e1nico de cuerda autom\u00e1tica fabricado por Rolex, calibre 2235<br \/>\nFunciones: horas, minutos, segundos, fecha<br \/>\nCaja: acero y oro rosa de 18 qt.<br \/>\nBisel: liso, de oro rosa de 18 quilates<br \/>\nCorona: tornillo original<br \/>\nAnse: curvas<br \/>\nDimensiones: 31 mm sin corona, 37 mm en las asas<br \/>\nCristal: zafiro<br \/>\nFondo de caja: tornillo<br \/>\nEsfera: rosa soleil, con \u00edndices de barra de oro rosa, grabada y tratada con material luminiscente, agujas tipo bast\u00f3n tambi\u00e9n en oro rosa y luminiscentes, segundero en el centro, ventana de fecha a las 3 con reinicio r\u00e1pido en la corona, logotipo de Rolex a las 12<br \/>\nCorrea: oyster, en acero y oro rosa, original Rolex<br \/>\nCierre: desplegable, original Rolex<\/p>\n","protected":false},"excerpt":{"rendered":"<p>Modelo: Datejust tama\u00f1o mediano<br \/>\nReferencia: 178241<br \/>\nA\u00f1o: 2006<br \/>\nMovimiento: mec\u00e1nico de cuerda autom\u00e1tica fabricado por Rolex, calibre 2235<br \/>\nFunciones: horas, minutos, segundos, fecha<br \/>\nCaja: acero y oro rosa de 18 qt.<br \/>\nBisel: liso, de oro rosa de 18 quilates<br \/>\nCorona: tornillo original<br \/>\nAnse: curvas<br \/>\nDimensiones: 31 mm sin corona, 37 mm en las asas<br \/>\nCristal: zafiro<br \/>\nFondo de caja: tornillo<br \/>\nEsfera: rosa soleil, con \u00edndices de barra de oro rosa, grabada y tratada con material luminiscente, agujas tipo bast\u00f3n tambi\u00e9n en oro rosa y luminiscentes, segundero en el centro, ventana de fecha a las 3 con reinicio r\u00e1pido en la corona, logotipo de Rolex a las 12<br \/>\nCorrea: oyster, en acero y oro rosa, original Rolex<br \/>\nCierre: desplegable, original Rolex<\/p>\n","protected":false},"featured_media":0,"comment_status":"closed","ping_status":"closed","template":"","meta":[],"translation":{"provider":"WPGlobus","version":"2.12.2","language":"en","enabled_languages":["es","en"],"languages":{"es":{"title":true,"content":true,"excerpt":true},"en":{"title":false,"content":false,"excerpt":false}}},"_links":{"self":[{"href":"https:\/\/www.dantik.es\/en\/wp-json\/wp\/v2\/product\/10118"}],"collection":[{"href":"https:\/\/www.dantik.es\/en\/wp-json\/wp\/v2\/product"}],"about":[{"href":"https:\/\/www.dantik.es\/en\/wp-json\/wp\/v2\/types\/product"}],"replies":[{"embeddable":true,"href":"https:\/\/www.dantik.es\/en\/wp-json\/wp\/v2\/comments?post=10118"}],"wp:attachment":[{"href":"https:\/\/www.dantik.es\/en\/wp-json\/wp\/v2\/media?parent=10118"}],"curies":[{"name":"wp","href":"https:\/\/api.w.org\/{rel}","templated":true}]}}