{"id":10096,"date":"2024-08-12T12:17:42","date_gmt":"2024-08-12T10:17:42","guid":{"rendered":"https:\/\/www.dantik.es\/?post_type=product&#038;p=10096"},"modified":"2024-08-12T12:17:43","modified_gmt":"2024-08-12T10:17:43","slug":"rolex-day-date-36-1803","status":"publish","type":"product","link":"https:\/\/www.dantik.es\/en\/producto\/rolex-day-date-36-1803\/","title":{"rendered":"Rolex Day-Date 36 1803"},"content":{"rendered":"<p>Espectacular Rolex President Day Date, caja y pulsera en oro de 18kt Ref.1803.<br \/>\nEl Day-Date 1803 presenta un tama\u00f1o de caja de 36 mm, que se ha mantenido como una dimensi\u00f3n est\u00e1ndar para brindar elegancia y comodidad en la mu\u00f1eca durante d\u00e9cadas. Rolex elabor\u00f3 \u200b\u200beste modelo exclusivamente con metales preciosos, incluido oro amarillo, blanco y rosa de 18 quilates, lo que subraya el estatus del Day-Date como s\u00edmbolo de lujo y exclusividad.<\/p>\n","protected":false},"excerpt":{"rendered":"<p>Espectacular Rolex President Day Date, caja y pulsera en oro de 18kt Ref.1803.<br \/>\nEl Day-Date 1803 presenta un tama\u00f1o de caja de 36 mm, que se ha mantenido como una dimensi\u00f3n est\u00e1ndar para brindar elegancia y comodidad en la mu\u00f1eca durante d\u00e9cadas. Rolex elabor\u00f3 \u200b\u200beste modelo exclusivamente con metales preciosos, incluido oro amarillo, blanco y rosa de 18 quilates, lo que subraya el estatus del Day-Date como s\u00edmbolo de lujo y exclusividad.<\/p>\n","protected":false},"featured_media":10103,"comment_status":"closed","ping_status":"closed","template":"","meta":[],"translation":{"provider":"WPGlobus","version":"2.12.2","language":"en","enabled_languages":["es","en"],"languages":{"es":{"title":true,"content":true,"excerpt":true},"en":{"title":false,"content":false,"excerpt":false}}},"_links":{"self":[{"href":"https:\/\/www.dantik.es\/en\/wp-json\/wp\/v2\/product\/10096"}],"collection":[{"href":"https:\/\/www.dantik.es\/en\/wp-json\/wp\/v2\/product"}],"about":[{"href":"https:\/\/www.dantik.es\/en\/wp-json\/wp\/v2\/types\/product"}],"replies":[{"embeddable":true,"href":"https:\/\/www.dantik.es\/en\/wp-json\/wp\/v2\/comments?post=10096"}],"wp:featuredmedia":[{"embeddable":true,"href":"https:\/\/www.dantik.es\/en\/wp-json\/wp\/v2\/media\/10103"}],"wp:attachment":[{"href":"https:\/\/www.dantik.es\/en\/wp-json\/wp\/v2\/media?parent=10096"}],"curies":[{"name":"wp","href":"https:\/\/api.w.org\/{rel}","templated":true}]}}