{"id":10085,"date":"2024-08-12T11:56:00","date_gmt":"2024-08-12T09:56:00","guid":{"rendered":"https:\/\/www.dantik.es\/?post_type=product&#038;p=10085"},"modified":"2024-08-12T12:09:55","modified_gmt":"2024-08-12T10:09:55","slug":"rolex-daytona-116523","status":"publish","type":"product","link":"https:\/\/www.dantik.es\/en\/producto\/rolex-daytona-116523\/","title":{"rendered":"Rolex Daytona 116523"},"content":{"rendered":"<p>PIEZA \u00daNICA Y EXCLUSIVA, EN MUY BUEN ESTADO Y CON POCO USO, PROCEDENTE DE COLECCIONISTA. Rolex Cosmograph Daytona en acero inoxidable combinado con oro amarillo 750\/. Cron\u00f3grafo legendario Movimiento autom\u00e1tico de fabricaci\u00f3n, calibre 4130, certificado como cron\u00f3metro. Cristal de zafiro resistente a los ara\u00f1azos. Corona y pulsadores atornillados. El modelo 116523 difiere muy poco del modelo 116503 de nueva generaci\u00f3n, con peque\u00f1os cambios en el aspecto del bisel. Estado: muy bueno \/ 1 (revisi\u00f3n completa), se entrega con 12 meses de garant\u00eda y env\u00edo asegurado.<\/p>\n","protected":false},"excerpt":{"rendered":"<p>PIEZA \u00daNICA Y EXCLUSIVA, EN MUY BUEN ESTADO Y CON POCO USO, PROCEDENTE DE COLECCIONISTA. Rolex Cosmograph Daytona en acero inoxidable combinado con oro amarillo 750\/. Cron\u00f3grafo legendario Movimiento autom\u00e1tico de fabricaci\u00f3n, calibre 4130, certificado como cron\u00f3metro. Cristal de zafiro resistente a los ara\u00f1azos. Corona y pulsadores atornillados. El modelo 116523 difiere muy poco del modelo 116503 de nueva generaci\u00f3n, con peque\u00f1os cambios en el aspecto del bisel. Estado: muy bueno \/ 1 (revisi\u00f3n completa), se entrega con 12 meses de garant\u00eda y env\u00edo asegurado.<\/p>\n","protected":false},"featured_media":10086,"comment_status":"closed","ping_status":"closed","template":"","meta":[],"translation":{"provider":"WPGlobus","version":"2.12.2","language":"en","enabled_languages":["es","en"],"languages":{"es":{"title":true,"content":true,"excerpt":true},"en":{"title":false,"content":false,"excerpt":false}}},"_links":{"self":[{"href":"https:\/\/www.dantik.es\/en\/wp-json\/wp\/v2\/product\/10085"}],"collection":[{"href":"https:\/\/www.dantik.es\/en\/wp-json\/wp\/v2\/product"}],"about":[{"href":"https:\/\/www.dantik.es\/en\/wp-json\/wp\/v2\/types\/product"}],"replies":[{"embeddable":true,"href":"https:\/\/www.dantik.es\/en\/wp-json\/wp\/v2\/comments?post=10085"}],"wp:featuredmedia":[{"embeddable":true,"href":"https:\/\/www.dantik.es\/en\/wp-json\/wp\/v2\/media\/10086"}],"wp:attachment":[{"href":"https:\/\/www.dantik.es\/en\/wp-json\/wp\/v2\/media?parent=10085"}],"curies":[{"name":"wp","href":"https:\/\/api.w.org\/{rel}","templated":true}]}}