{"id":10077,"date":"2024-08-12T11:02:16","date_gmt":"2024-08-12T09:02:16","guid":{"rendered":"https:\/\/www.dantik.es\/?post_type=product&#038;p=10077"},"modified":"2024-08-12T11:06:13","modified_gmt":"2024-08-12T09:06:13","slug":"rolex-daytona-16520","status":"publish","type":"product","link":"https:\/\/www.dantik.es\/en\/producto\/rolex-daytona-16520\/","title":{"rendered":"Rolex Daytona 16520"},"content":{"rendered":"<p>Este obra de Rolex Daytona 16520 es un verdadero testimonio de la artesan\u00eda y la calidad de la marca Rolex.<br \/>\nPresenta una esfera de cron\u00f3grafo blanca, caja Oyster, brazalete Oyster y con un cierre Oysterlock, a su vez el bisel con escala taquim\u00e9trica y el cristal mineral ofrece una gran protecci\u00f3n. Este Daytona funciona con un movimiento autom\u00e1tico, resistente al agua hasta 100 m.<br \/>\nCada vez son m\u00e1s las personas que se inician en el coleccionismo de relojes y este ROLEX DAYTONA ZENITH nos ofrece un aspecto de elegancia y al mismo tiempo de lujo, que nos aportar\u00e1 una pieza \u00fanica e inigualable a nuestra colecci\u00f3n.<\/p>\n","protected":false},"excerpt":{"rendered":"<p>Este obra de Rolex Daytona 16520 es un verdadero testimonio de la artesan\u00eda y la calidad de la marca Rolex.<br \/>\nPresenta una esfera de cron\u00f3grafo blanca, caja Oyster, brazalete Oyster y con un cierre Oysterlock, a su vez el bisel con escala taquim\u00e9trica y el cristal mineral ofrece una gran protecci\u00f3n. Este Daytona funciona con un movimiento autom\u00e1tico, resistente al agua hasta 100 m.<br \/>\nCada vez son m\u00e1s las personas que se inician en el coleccionismo de relojes y este ROLEX DAYTONA ZENITH nos ofrece un aspecto de elegancia y al mismo tiempo de lujo, que nos aportar\u00e1 una pieza \u00fanica e inigualable a nuestra colecci\u00f3n.<\/p>\n","protected":false},"featured_media":10079,"comment_status":"closed","ping_status":"closed","template":"","meta":[],"translation":{"provider":"WPGlobus","version":"2.12.2","language":"en","enabled_languages":["es","en"],"languages":{"es":{"title":true,"content":true,"excerpt":true},"en":{"title":false,"content":false,"excerpt":false}}},"_links":{"self":[{"href":"https:\/\/www.dantik.es\/en\/wp-json\/wp\/v2\/product\/10077"}],"collection":[{"href":"https:\/\/www.dantik.es\/en\/wp-json\/wp\/v2\/product"}],"about":[{"href":"https:\/\/www.dantik.es\/en\/wp-json\/wp\/v2\/types\/product"}],"replies":[{"embeddable":true,"href":"https:\/\/www.dantik.es\/en\/wp-json\/wp\/v2\/comments?post=10077"}],"wp:featuredmedia":[{"embeddable":true,"href":"https:\/\/www.dantik.es\/en\/wp-json\/wp\/v2\/media\/10079"}],"wp:attachment":[{"href":"https:\/\/www.dantik.es\/en\/wp-json\/wp\/v2\/media?parent=10077"}],"curies":[{"name":"wp","href":"https:\/\/api.w.org\/{rel}","templated":true}]}}