{"id":10022,"date":"2023-06-05T13:49:01","date_gmt":"2023-06-05T11:49:01","guid":{"rendered":"https:\/\/www.dantik.es\/?post_type=product&#038;p=10022"},"modified":"2023-06-05T17:12:50","modified_gmt":"2023-06-05T15:12:50","slug":"pendientes-oro-blanco-con-brillantes-y-esmeraldas","status":"publish","type":"product","link":"https:\/\/www.dantik.es\/en\/producto\/pendientes-oro-blanco-con-brillantes-y-esmeraldas\/","title":{"rendered":"PENDIENTES ORO BLANCO CON BRILLANTES Y ESMERALDAS."},"content":{"rendered":"<p>Curiosos pendientes fabricados en Oro blanco, con dise\u00f1o modernista que porta tres Diamantes talla Brillante de aprox. 0.08cts en un extremo y tres Esmeraldas talla Brillante del mismo calibre que los brillantes, en el otro. Creando as\u00ed un dise\u00f1o moderno y a su vez cl\u00e1sico de l\u00edneas curvas.<\/p>\n","protected":false},"excerpt":{"rendered":"<p>Curiosos pendientes fabricados en Oro blanco, con dise\u00f1o modernista que porta tres Diamantes talla Brillante de aprox. 0.08cts en un extremo y tres Esmeraldas talla Brillante del mismo calibre que los brillantes, en el otro. Creando as\u00ed un dise\u00f1o moderno y a su vez cl\u00e1sico de l\u00edneas curvas.<\/p>\n","protected":false},"featured_media":10023,"comment_status":"closed","ping_status":"closed","template":"","meta":[],"translation":{"provider":"WPGlobus","version":"2.12.2","language":"en","enabled_languages":["es","en"],"languages":{"es":{"title":true,"content":true,"excerpt":false},"en":{"title":false,"content":false,"excerpt":false}}},"_links":{"self":[{"href":"https:\/\/www.dantik.es\/en\/wp-json\/wp\/v2\/product\/10022"}],"collection":[{"href":"https:\/\/www.dantik.es\/en\/wp-json\/wp\/v2\/product"}],"about":[{"href":"https:\/\/www.dantik.es\/en\/wp-json\/wp\/v2\/types\/product"}],"replies":[{"embeddable":true,"href":"https:\/\/www.dantik.es\/en\/wp-json\/wp\/v2\/comments?post=10022"}],"wp:featuredmedia":[{"embeddable":true,"href":"https:\/\/www.dantik.es\/en\/wp-json\/wp\/v2\/media\/10023"}],"wp:attachment":[{"href":"https:\/\/www.dantik.es\/en\/wp-json\/wp\/v2\/media?parent=10022"}],"curies":[{"name":"wp","href":"https:\/\/api.w.org\/{rel}","templated":true}]}}