{"id":4549,"date":"2018-08-02T20:43:17","date_gmt":"2018-08-02T19:43:17","guid":{"rendered":"http:\/\/www.dantik.es\/?page_id=4549"},"modified":"2019-03-04T12:11:48","modified_gmt":"2019-03-04T11:11:48","slug":"empresa","status":"publish","type":"page","link":"https:\/\/www.dantik.es\/en\/empresa\/","title":{"rendered":"Empresa"},"content":{"rendered":"<p>[vc_row][vc_column]<div  id=\"sc_promo_1675333310\" \n\tclass=\"scheme_default sc_promo sc_promo_default  vc_custom_1551697907319 sc_promo_size_normal sc_promo_image_position_left\"><div class=\"sc_promo_image\" style=\"background-color:#424952;background-image:url(https:\/\/www.dantik.es\/wp-content\/uploads\/building-1.jpg);width:50%;left: 0;\"><\/div><div class=\"sc_promo_text\" style=\"width: 50%;float: right;\">\n\t\t\t<div class=\"sc_promo_text_inner\" style=\"\"><div class=\"sc_item_descr sc_promo_descr sc_align_left\">Asesorar con criterio, honestidad y trasparencia es casi una obligaci\u00f3n que en Dantik.es nos queremos tomar como un modo de vida. Avalado por 20 a\u00f1os de experiencia en los principales sectores que nos reafirman como empresa: Alta Joyer\u00eda y Relojer\u00eda, Metales y Gemas Preciosas, as\u00ed como objetos de colecci\u00f3n. <b>Productos o bienes con un alto contenido emocional.<\/b><\/p>\n<p>Cada inversi\u00f3n, cada factor que afecta a la rentabilidad y el bienestar de nuestros clientes se convierte en una obsesi\u00f3n y un nuevo reto al que nos gusta enfrentamos con la seguridad de hacer bien nuestro trabajo.<\/p>\n<p>Compramos-vendemos y mediamos productos en los que tenemos el claro convencimiento de que su valor residual, es la m\u00e1xima que queremos ofrecer a cada uno de nuestros clientes. La calidad y garant\u00eda que ofrecemos en m\u00e1s de 500 referencias de nuestros distintos subsectores, vienen avaladas por un grupo de apasionados en cada una de las materias generando un nuevo concepto de empresa. <b>Agencia de Inversi\u00f3n<\/b>, as\u00ed nos identificamos y nos gustar\u00eda ser reconocidos como la empresa multisectorial especializada en productos tangibles y de alta rentabilidad.<\/p>\n<p><b>\u00a1Porque hoy en d\u00eda vender humo est\u00e1 muy de moda, queremos ser distintos y ofrecer valores de verdad! Valores en los que ya confiaban nuestros antepasados, valores que nos acompa\u00f1an desde hace miles de a\u00f1os y que siguen siendo la mejor garant\u00eda de una buena inversi\u00f3n patrimonial.<\/b><\/div><\/div>\n\t\t<\/div><!-- \/.sc_promo_text --><\/div><!-- \/.sc_promo -->[vc_empty_space height=&#8221;&#8221; alter_height=&#8221;huge&#8221; hide_on_mobile=&#8221;&#8221;][\/vc_column][\/vc_row]<\/p>\n","protected":false},"excerpt":{"rendered":"<p>[vc_row][vc_column][vc_empty_space height=&#8221;&#8221; alter_height=&#8221;huge&#8221; hide_on_mobile=&#8221;&#8221;][\/vc_column][\/vc_row]<\/p>\n","protected":false},"author":1,"featured_media":0,"parent":0,"menu_order":0,"comment_status":"closed","ping_status":"closed","template":"","meta":[],"translation":{"provider":"WPGlobus","version":"2.12.2","language":"en","enabled_languages":["es","en"],"languages":{"es":{"title":true,"content":true,"excerpt":false},"en":{"title":false,"content":false,"excerpt":false}}},"_links":{"self":[{"href":"https:\/\/www.dantik.es\/en\/wp-json\/wp\/v2\/pages\/4549"}],"collection":[{"href":"https:\/\/www.dantik.es\/en\/wp-json\/wp\/v2\/pages"}],"about":[{"href":"https:\/\/www.dantik.es\/en\/wp-json\/wp\/v2\/types\/page"}],"author":[{"embeddable":true,"href":"https:\/\/www.dantik.es\/en\/wp-json\/wp\/v2\/users\/1"}],"replies":[{"embeddable":true,"href":"https:\/\/www.dantik.es\/en\/wp-json\/wp\/v2\/comments?post=4549"}],"version-history":[{"count":12,"href":"https:\/\/www.dantik.es\/en\/wp-json\/wp\/v2\/pages\/4549\/revisions"}],"predecessor-version":[{"id":7718,"href":"https:\/\/www.dantik.es\/en\/wp-json\/wp\/v2\/pages\/4549\/revisions\/7718"}],"wp:attachment":[{"href":"https:\/\/www.dantik.es\/en\/wp-json\/wp\/v2\/media?parent=4549"}],"curies":[{"name":"wp","href":"https:\/\/api.w.org\/{rel}","templated":true}]}}